{"id":2,"date":"2010-06-18T20:51:35","date_gmt":"2010-06-18T20:51:35","guid":{"rendered":"http:\/\/www.bobsmile.ch\/wordpress\/?page_id=2"},"modified":"2018-12-03T23:55:50","modified_gmt":"2018-12-03T22:55:50","slug":"about","status":"publish","type":"page","link":"http:\/\/www.bobsmile.ch\/wordpress\/about\/","title":{"rendered":"\u00dcber Bobsmile &#8230;"},"content":{"rendered":"<p><strong>::staunen ::wundern ::hinterfragen<\/strong><\/p>\n<p><strong><a href=\"http:\/\/www.bobsmile.ch\/wordpress\/wp-content\/uploads\/2010\/06\/bobsmile_portrait_160.jpg\"><img decoding=\"async\" loading=\"lazy\" class=\"alignleft size-full wp-image-2575\" title=\"bobsmile_portrait_160\" src=\"http:\/\/www.bobsmile.ch\/wordpress\/wp-content\/uploads\/2010\/06\/bobsmile_portrait_160.jpg\" alt=\"\" width=\"121\" height=\"170\" \/><\/a>Warum schreibt Bobsmile hier?<\/strong><\/p>\n<p><em>Dieses Blog betreibe ich zum reinen Vergn\u00fcgen, aus purer Lust, die Dinge im Netz und in meinem realen Umfeld etwas zu beleuchten, aus Spass am Schreiben und Diskutieren,\u00a0 und obwohl mit Pseudonym, immer mit angemessenem Respekt gegen\u00fcber dem Mitschreiber. Die Anonymit\u00e4t betrachte ich nicht als Freibrief f\u00fcr Narrenfreiheit, sondern sie erm\u00f6glicht einen minimalen Schutz der Privatsph\u00e4re meines realen Umfelds.<br \/>\n<\/em><\/p>\n<p><strong>Wer steht hinter Bobsmile?<\/strong><\/p>\n<p><em>Ich bin im Jahre 1964 geboren, wohne in Zollikofen bei Bern, bin seit 1989 verheiratet und habe zwei Kinder, die bereits <del>nahe am Nestrand sitzen<\/del>\u00a0ausgeflogen sind.<\/em><\/p>\n<p><strong>Was mag Bobsmile?<\/strong><\/p>\n<p><em>Familie, Camping, Klavier-\/Keyboardspielen, Motorradfahren, Schreiben, Lesen und Fotografieren.<br \/>\nGutes Essen, Bier und Single Malt Whisky, bin aber einem feinen Rotwein nicht abgeneigt.<br \/>\nJede Woche einmal Handballtraining und daneben Wanderungen\/Spazierg\u00e4nge mit meiner Frau.<\/em><\/p>\n<p><strong>Was Bobsmile nicht so mag?<\/strong><\/p>\n<p><em>Unehrlichkeit, morgens fr\u00fch aufstehen, missmutige Leute, boshaften Streit.<br \/>\n<\/em><\/p>\n<p><em>Ich w\u00fcnsche viel Spass auf meinem Blog<\/em>.<br \/>\n\ud83d\ude42<\/p>\n<p style=\"text-align: right;\">Juli 2010<\/p>\n","protected":false},"excerpt":{"rendered":"<p>::staunen ::wundern ::hinterfragen Warum schreibt Bobsmile hier? Dieses Blog betreibe ich zum reinen Vergn\u00fcgen, aus purer Lust, die Dinge im Netz und in meinem realen Umfeld etwas zu beleuchten, aus Spass am Schreiben und Diskutieren,\u00a0 und obwohl mit Pseudonym, immer mit angemessenem Respekt gegen\u00fcber dem Mitschreiber. Die Anonymit\u00e4t betrachte ich nicht als Freibrief f\u00fcr Narrenfreiheit,Continue reading &rarr;<\/p>\n","protected":false},"author":1,"featured_media":0,"parent":0,"menu_order":0,"comment_status":"closed","ping_status":"closed","template":"","meta":{"footnotes":""},"_links":{"self":[{"href":"http:\/\/www.bobsmile.ch\/wordpress\/wp-json\/wp\/v2\/pages\/2"}],"collection":[{"href":"http:\/\/www.bobsmile.ch\/wordpress\/wp-json\/wp\/v2\/pages"}],"about":[{"href":"http:\/\/www.bobsmile.ch\/wordpress\/wp-json\/wp\/v2\/types\/page"}],"author":[{"embeddable":true,"href":"http:\/\/www.bobsmile.ch\/wordpress\/wp-json\/wp\/v2\/users\/1"}],"replies":[{"embeddable":true,"href":"http:\/\/www.bobsmile.ch\/wordpress\/wp-json\/wp\/v2\/comments?post=2"}],"version-history":[{"count":13,"href":"http:\/\/www.bobsmile.ch\/wordpress\/wp-json\/wp\/v2\/pages\/2\/revisions"}],"predecessor-version":[{"id":5958,"href":"http:\/\/www.bobsmile.ch\/wordpress\/wp-json\/wp\/v2\/pages\/2\/revisions\/5958"}],"wp:attachment":[{"href":"http:\/\/www.bobsmile.ch\/wordpress\/wp-json\/wp\/v2\/media?parent=2"}],"curies":[{"name":"wp","href":"https:\/\/api.w.org\/{rel}","templated":true}]}}